{"id":840,"date":"2025-09-26T21:13:07","date_gmt":"2025-09-26T21:13:07","guid":{"rendered":"https:\/\/devilleartstudios.com\/patagon\/services\/"},"modified":"2026-03-14T01:44:22","modified_gmt":"2026-03-14T01:44:22","slug":"services","status":"publish","type":"page","link":"https:\/\/patagonacoustics.com\/en\/services\/","title":{"rendered":"Services"},"content":{"rendered":"\t\t<div data-elementor-type=\"wp-page\" data-elementor-id=\"840\" class=\"elementor elementor-840 elementor-125\" data-elementor-post-type=\"page\">\n\t\t\t\t<div class=\"elementor-element elementor-element-9fadee1 e-con-full e-flex elementor-invisible e-con e-parent\" data-id=\"9fadee1\" data-element_type=\"container\" data-e-type=\"container\" data-settings=\"{&quot;background_background&quot;:&quot;classic&quot;,&quot;animation&quot;:&quot;fadeIn&quot;}\">\n\t\t\t\t<div class=\"elementor-element elementor-element-bea101b elementor-widget__width-initial elementor-invisible elementor-widget elementor-widget-heading\" data-id=\"bea101b\" data-element_type=\"widget\" data-e-type=\"widget\" data-settings=\"{&quot;_animation&quot;:&quot;fadeInUp&quot;,&quot;_animation_delay&quot;:900}\" data-widget_type=\"heading.default\">\n\t\t\t\t\t<h1 class=\"elementor-heading-title elementor-size-default\">Conveying sonic truth through science, art and engineering.\n\n<\/h1>\t\t\t\t<\/div>\n\t\t\t\t<\/div>\n\t\t<div class=\"elementor-element elementor-element-220a26d e-flex e-con-boxed e-con e-parent\" data-id=\"220a26d\" data-element_type=\"container\" data-e-type=\"container\">\n\t\t\t\t\t<div class=\"e-con-inner\">\n\t\t<div class=\"elementor-element elementor-element-91f4f3d e-con-full e-flex e-con e-child\" data-id=\"91f4f3d\" data-element_type=\"container\" data-e-type=\"container\">\n\t\t\t\t<div class=\"elementor-element elementor-element-b61b88b elementor-widget-divider--view-line elementor-widget elementor-widget-divider\" data-id=\"b61b88b\" data-element_type=\"widget\" data-e-type=\"widget\" data-widget_type=\"divider.default\">\n\t\t\t\t\t\t\t<div class=\"elementor-divider\">\n\t\t\t<span class=\"elementor-divider-separator\">\n\t\t\t\t\t\t<\/span>\n\t\t<\/div>\n\t\t\t\t\t\t<\/div>\n\t\t\t\t<div class=\"elementor-element elementor-element-11f6aee elementor-widget__width-initial elementor-invisible elementor-widget elementor-widget-heading\" data-id=\"11f6aee\" data-element_type=\"widget\" data-e-type=\"widget\" data-settings=\"{&quot;_animation&quot;:&quot;fadeIn&quot;,&quot;_animation_delay&quot;:600}\" data-widget_type=\"heading.default\">\n\t\t\t\t\t<h2 class=\"elementor-heading-title elementor-size-default\">Rooms acoustics<\/h2>\t\t\t\t<\/div>\n\t\t\t\t<div class=\"elementor-element elementor-element-d4b2cd7 elementor-invisible elementor-widget elementor-widget-text-editor\" data-id=\"d4b2cd7\" data-element_type=\"widget\" data-e-type=\"widget\" data-settings=\"{&quot;_animation&quot;:&quot;fadeIn&quot;,&quot;_animation_delay&quot;:1000}\" data-widget_type=\"text-editor.default\">\n\t\t\t\t\t\t\t\t\t<p>The geometry of a room and its finishes are the factors that shape our perception of the sounds created in these spaces. <br>Our work includes the design and specification of these variables, often in collaboration with the architectural firm, to achieve the proposed acoustic objectives for the room. <br>Some common objectives are ensuring good speech intelligibility or creating the necessary acoustic conditions for the enjoyment of a particular style of music. Computational modeling and auralizations are some of the tools we use to perform precise analyses of a room&#8217;s internal acoustics.<\/p>\t\t\t\t\t\t\t\t<\/div>\n\t\t\t\t<\/div>\n\t\t<div class=\"elementor-element elementor-element-d63851a e-con-full e-flex e-con e-child\" data-id=\"d63851a\" data-element_type=\"container\" data-e-type=\"container\">\n\t\t\t\t<div class=\"elementor-element elementor-element-ad2cd42 elementor-invisible elementor-widget elementor-widget-image\" data-id=\"ad2cd42\" data-element_type=\"widget\" data-e-type=\"widget\" data-settings=\"{&quot;_animation&quot;:&quot;fadeIn&quot;,&quot;_animation_delay&quot;:1400}\" data-widget_type=\"image.default\">\n\t\t\t\t\t\t\t\t\t\t\t\t\t\t\t<img fetchpriority=\"high\" decoding=\"async\" width=\"960\" height=\"960\" src=\"https:\/\/patagonacoustics.com\/wp-content\/uploads\/2025\/10\/serv1.webp\" class=\"attachment-large size-large wp-image-765\" alt=\"\" srcset=\"https:\/\/patagonacoustics.com\/wp-content\/uploads\/2025\/10\/serv1.webp 960w, https:\/\/patagonacoustics.com\/wp-content\/uploads\/2025\/10\/serv1-300x300.webp 300w, https:\/\/patagonacoustics.com\/wp-content\/uploads\/2025\/10\/serv1-150x150.webp 150w, https:\/\/patagonacoustics.com\/wp-content\/uploads\/2025\/10\/serv1-768x768.webp 768w\" sizes=\"(max-width: 960px) 100vw, 960px\" \/>\t\t\t\t\t\t\t\t\t\t\t\t\t\t\t<\/div>\n\t\t\t\t<\/div>\n\t\t\t\t\t<\/div>\n\t\t\t\t<\/div>\n\t\t<div class=\"elementor-element elementor-element-5fac960 e-flex e-con-boxed e-con e-parent\" data-id=\"5fac960\" data-element_type=\"container\" data-e-type=\"container\">\n\t\t\t\t\t<div class=\"e-con-inner\">\n\t\t<div class=\"elementor-element elementor-element-d068782 e-con-full e-flex e-con e-child\" data-id=\"d068782\" data-element_type=\"container\" data-e-type=\"container\">\n\t\t\t\t<div class=\"elementor-element elementor-element-57b1bbb elementor-widget-divider--view-line elementor-widget elementor-widget-divider\" data-id=\"57b1bbb\" data-element_type=\"widget\" data-e-type=\"widget\" data-widget_type=\"divider.default\">\n\t\t\t\t\t\t\t<div class=\"elementor-divider\">\n\t\t\t<span class=\"elementor-divider-separator\">\n\t\t\t\t\t\t<\/span>\n\t\t<\/div>\n\t\t\t\t\t\t<\/div>\n\t\t\t\t<div class=\"elementor-element elementor-element-8578340 elementor-widget__width-initial elementor-invisible elementor-widget elementor-widget-heading\" data-id=\"8578340\" data-element_type=\"widget\" data-e-type=\"widget\" data-settings=\"{&quot;_animation&quot;:&quot;fadeIn&quot;,&quot;_animation_delay&quot;:600}\" data-widget_type=\"heading.default\">\n\t\t\t\t\t<h2 class=\"elementor-heading-title elementor-size-default\">Sound Insulation<\/h2>\t\t\t\t<\/div>\n\t\t\t\t<div class=\"elementor-element elementor-element-fb79fa5 elementor-invisible elementor-widget elementor-widget-text-editor\" data-id=\"fb79fa5\" data-element_type=\"widget\" data-e-type=\"widget\" data-settings=\"{&quot;_animation&quot;:&quot;fadeIn&quot;,&quot;_animation_delay&quot;:1000}\" data-widget_type=\"text-editor.default\">\n\t\t\t\t\t\t\t\t\t<p>The intrusion of sound from a noisy environment into a sensitive one can cause distraction and discomfort to its occupants. Acoustic insulation is the key to preventing these types of problems. Sound isolation should be designed and incorporated in the early stages of an architectural project, which makes it more effective and economical, since achieving sound isolation once the space is built is difficult and costly.<\/p>\t\t\t\t\t\t\t\t<\/div>\n\t\t\t\t<\/div>\n\t\t<div class=\"elementor-element elementor-element-0d3abce e-con-full e-flex e-con e-child\" data-id=\"0d3abce\" data-element_type=\"container\" data-e-type=\"container\">\n\t\t\t\t<div class=\"elementor-element elementor-element-9d945ed elementor-invisible elementor-widget elementor-widget-image\" data-id=\"9d945ed\" data-element_type=\"widget\" data-e-type=\"widget\" data-settings=\"{&quot;_animation&quot;:&quot;fadeIn&quot;,&quot;_animation_delay&quot;:1400}\" data-widget_type=\"image.default\">\n\t\t\t\t\t\t\t\t\t\t\t\t\t\t\t<img decoding=\"async\" width=\"900\" height=\"900\" src=\"https:\/\/patagonacoustics.com\/wp-content\/uploads\/2026\/01\/ais.webp\" class=\"attachment-large size-large wp-image-1066\" alt=\"\" srcset=\"https:\/\/patagonacoustics.com\/wp-content\/uploads\/2026\/01\/ais.webp 900w, https:\/\/patagonacoustics.com\/wp-content\/uploads\/2026\/01\/ais-300x300.webp 300w, https:\/\/patagonacoustics.com\/wp-content\/uploads\/2026\/01\/ais-150x150.webp 150w, https:\/\/patagonacoustics.com\/wp-content\/uploads\/2026\/01\/ais-768x768.webp 768w\" sizes=\"(max-width: 900px) 100vw, 900px\" \/>\t\t\t\t\t\t\t\t\t\t\t\t\t\t\t<\/div>\n\t\t\t\t<\/div>\n\t\t\t\t\t<\/div>\n\t\t\t\t<\/div>\n\t\t<div class=\"elementor-element elementor-element-8bcf560 e-flex e-con-boxed e-con e-parent\" data-id=\"8bcf560\" data-element_type=\"container\" data-e-type=\"container\">\n\t\t\t\t\t<div class=\"e-con-inner\">\n\t\t<div class=\"elementor-element elementor-element-ab4a3f3 e-con-full e-flex e-con e-child\" data-id=\"ab4a3f3\" data-element_type=\"container\" data-e-type=\"container\">\n\t\t\t\t<div class=\"elementor-element elementor-element-4c7606d elementor-widget-divider--view-line elementor-widget elementor-widget-divider\" data-id=\"4c7606d\" data-element_type=\"widget\" data-e-type=\"widget\" data-widget_type=\"divider.default\">\n\t\t\t\t\t\t\t<div class=\"elementor-divider\">\n\t\t\t<span class=\"elementor-divider-separator\">\n\t\t\t\t\t\t<\/span>\n\t\t<\/div>\n\t\t\t\t\t\t<\/div>\n\t\t\t\t<div class=\"elementor-element elementor-element-8ed47ad elementor-widget__width-initial elementor-invisible elementor-widget elementor-widget-heading\" data-id=\"8ed47ad\" data-element_type=\"widget\" data-e-type=\"widget\" data-settings=\"{&quot;_animation&quot;:&quot;fadeIn&quot;,&quot;_animation_delay&quot;:600}\" data-widget_type=\"heading.default\">\n\t\t\t\t\t<h2 class=\"elementor-heading-title elementor-size-default\">Environmental Acoustics<\/h2>\t\t\t\t<\/div>\n\t\t\t\t<div class=\"elementor-element elementor-element-5d04c33 elementor-invisible elementor-widget elementor-widget-text-editor\" data-id=\"5d04c33\" data-element_type=\"widget\" data-e-type=\"widget\" data-settings=\"{&quot;_animation&quot;:&quot;fadeIn&quot;,&quot;_animation_delay&quot;:1000}\" data-widget_type=\"text-editor.default\">\n\t\t\t\t\t\t\t\t\t<p>The propagation of sound in the atmosphere affects human communities and the habitats of wildlife. When a new noise source, such as a factory or an airport, is sited, its impact on the surrounding areas must be analyzed. <br>Modeling sound propagation using computational techniques and measurements allows for the implementation of control and mitigation strategies to achieve a healthier environment.<\/p>\t\t\t\t\t\t\t\t<\/div>\n\t\t\t\t<\/div>\n\t\t<div class=\"elementor-element elementor-element-e729226 e-con-full e-flex e-con e-child\" data-id=\"e729226\" data-element_type=\"container\" data-e-type=\"container\">\n\t\t\t\t<div class=\"elementor-element elementor-element-8be1ea6 elementor-invisible elementor-widget elementor-widget-image\" data-id=\"8be1ea6\" data-element_type=\"widget\" data-e-type=\"widget\" data-settings=\"{&quot;_animation&quot;:&quot;fadeIn&quot;,&quot;_animation_delay&quot;:1400}\" data-widget_type=\"image.default\">\n\t\t\t\t\t\t\t\t\t\t\t\t\t\t\t<img decoding=\"async\" width=\"735\" height=\"727\" src=\"https:\/\/patagonacoustics.com\/wp-content\/uploads\/2025\/10\/services-7.jpg\" class=\"attachment-large size-large wp-image-767\" alt=\"\" srcset=\"https:\/\/patagonacoustics.com\/wp-content\/uploads\/2025\/10\/services-7.jpg 735w, https:\/\/patagonacoustics.com\/wp-content\/uploads\/2025\/10\/services-7-300x297.jpg 300w\" sizes=\"(max-width: 735px) 100vw, 735px\" \/>\t\t\t\t\t\t\t\t\t\t\t\t\t\t\t<\/div>\n\t\t\t\t<\/div>\n\t\t\t\t\t<\/div>\n\t\t\t\t<\/div>\n\t\t<div class=\"elementor-element elementor-element-acd6a40 e-flex e-con-boxed e-con e-parent\" data-id=\"acd6a40\" data-element_type=\"container\" data-e-type=\"container\">\n\t\t\t\t\t<div class=\"e-con-inner\">\n\t\t<div class=\"elementor-element elementor-element-9682180 e-con-full e-flex e-con e-child\" data-id=\"9682180\" data-element_type=\"container\" data-e-type=\"container\">\n\t\t\t\t<div class=\"elementor-element elementor-element-85657f7 elementor-widget-divider--view-line elementor-widget elementor-widget-divider\" data-id=\"85657f7\" data-element_type=\"widget\" data-e-type=\"widget\" data-widget_type=\"divider.default\">\n\t\t\t\t\t\t\t<div class=\"elementor-divider\">\n\t\t\t<span class=\"elementor-divider-separator\">\n\t\t\t\t\t\t<\/span>\n\t\t<\/div>\n\t\t\t\t\t\t<\/div>\n\t\t\t\t<div class=\"elementor-element elementor-element-97f7bd0 elementor-widget__width-initial elementor-invisible elementor-widget elementor-widget-heading\" data-id=\"97f7bd0\" data-element_type=\"widget\" data-e-type=\"widget\" data-settings=\"{&quot;_animation&quot;:&quot;fadeIn&quot;,&quot;_animation_delay&quot;:600}\" data-widget_type=\"heading.default\">\n\t\t\t\t\t<h2 class=\"elementor-heading-title elementor-size-default\">Audiovisual (AV) Systems<\/h2>\t\t\t\t<\/div>\n\t\t\t\t<div class=\"elementor-element elementor-element-fb04f7d elementor-invisible elementor-widget elementor-widget-text-editor\" data-id=\"fb04f7d\" data-element_type=\"widget\" data-e-type=\"widget\" data-settings=\"{&quot;_animation&quot;:&quot;fadeIn&quot;,&quot;_animation_delay&quot;:1000}\" data-widget_type=\"text-editor.default\">\n\t\t\t\t\t\t\t\t\tAudiovisual systems are indispensable for communication and entertainment purposes, as well as safety and comfort. The design of these systems can also be tailored through computational simulations. The subsequent adjustment and calibration of the system is carried out through measurements and listening tests during the commissioning phase.\t\t\t\t\t\t\t\t<\/div>\n\t\t\t\t<\/div>\n\t\t<div class=\"elementor-element elementor-element-64d66a1 e-con-full e-flex e-con e-child\" data-id=\"64d66a1\" data-element_type=\"container\" data-e-type=\"container\">\n\t\t\t\t<div class=\"elementor-element elementor-element-62f6b9f elementor-invisible elementor-widget elementor-widget-image\" data-id=\"62f6b9f\" data-element_type=\"widget\" data-e-type=\"widget\" data-settings=\"{&quot;_animation&quot;:&quot;fadeIn&quot;,&quot;_animation_delay&quot;:1400}\" data-widget_type=\"image.default\">\n\t\t\t\t\t\t\t\t\t\t\t\t\t\t\t<img loading=\"lazy\" decoding=\"async\" width=\"969\" height=\"969\" src=\"https:\/\/patagonacoustics.com\/wp-content\/uploads\/2025\/10\/serv4.webp\" class=\"attachment-large size-large wp-image-768\" alt=\"\" srcset=\"https:\/\/patagonacoustics.com\/wp-content\/uploads\/2025\/10\/serv4.webp 969w, https:\/\/patagonacoustics.com\/wp-content\/uploads\/2025\/10\/serv4-300x300.webp 300w, https:\/\/patagonacoustics.com\/wp-content\/uploads\/2025\/10\/serv4-150x150.webp 150w, https:\/\/patagonacoustics.com\/wp-content\/uploads\/2025\/10\/serv4-768x768.webp 768w\" sizes=\"(max-width: 969px) 100vw, 969px\" \/>\t\t\t\t\t\t\t\t\t\t\t\t\t\t\t<\/div>\n\t\t\t\t<\/div>\n\t\t\t\t\t<\/div>\n\t\t\t\t<\/div>\n\t\t<div class=\"elementor-element elementor-element-d0454ee e-flex e-con-boxed e-con e-parent\" data-id=\"d0454ee\" data-element_type=\"container\" data-e-type=\"container\">\n\t\t\t\t\t<div class=\"e-con-inner\">\n\t\t<div class=\"elementor-element elementor-element-ee97cff e-con-full e-flex e-con e-child\" data-id=\"ee97cff\" data-element_type=\"container\" data-e-type=\"container\">\n\t\t\t\t<div class=\"elementor-element elementor-element-caa4abe elementor-widget-divider--view-line elementor-widget elementor-widget-divider\" data-id=\"caa4abe\" data-element_type=\"widget\" data-e-type=\"widget\" data-widget_type=\"divider.default\">\n\t\t\t\t\t\t\t<div class=\"elementor-divider\">\n\t\t\t<span class=\"elementor-divider-separator\">\n\t\t\t\t\t\t<\/span>\n\t\t<\/div>\n\t\t\t\t\t\t<\/div>\n\t\t\t\t<div class=\"elementor-element elementor-element-5b2234f elementor-widget__width-initial elementor-invisible elementor-widget elementor-widget-heading\" data-id=\"5b2234f\" data-element_type=\"widget\" data-e-type=\"widget\" data-settings=\"{&quot;_animation&quot;:&quot;fadeIn&quot;,&quot;_animation_delay&quot;:600}\" data-widget_type=\"heading.default\">\n\t\t\t\t\t<h2 class=\"elementor-heading-title elementor-size-default\">NOISE CONTROL IN MEP SYSTEMS<\/h2>\t\t\t\t<\/div>\n\t\t\t\t<div class=\"elementor-element elementor-element-e34416e elementor-invisible elementor-widget elementor-widget-text-editor\" data-id=\"e34416e\" data-element_type=\"widget\" data-e-type=\"widget\" data-settings=\"{&quot;_animation&quot;:&quot;fadeIn&quot;,&quot;_animation_delay&quot;:1000}\" data-widget_type=\"text-editor.default\">\n\t\t\t\t\t\t\t\t\t<p>The control of noise and vibrations of mechanical, electrical, and plumbing systems (MEP) is of vital importance to create healthy environments, free from distractions and disturbing noises, for spaces for work and play. The design of these systems must be incorporated in the early design phases of the project, since, once they are installed, remedial measures are usually more expensive and cumbersome.<\/p>\t\t\t\t\t\t\t\t<\/div>\n\t\t\t\t<\/div>\n\t\t<div class=\"elementor-element elementor-element-27ac3b3 e-con-full e-flex e-con e-child\" data-id=\"27ac3b3\" data-element_type=\"container\" data-e-type=\"container\">\n\t\t\t\t<div class=\"elementor-element elementor-element-5bdfa53 elementor-invisible elementor-widget elementor-widget-image\" data-id=\"5bdfa53\" data-element_type=\"widget\" data-e-type=\"widget\" data-settings=\"{&quot;_animation&quot;:&quot;fadeIn&quot;,&quot;_animation_delay&quot;:1400}\" data-widget_type=\"image.default\">\n\t\t\t\t\t\t\t\t\t\t\t\t\t\t\t<img loading=\"lazy\" decoding=\"async\" width=\"683\" height=\"675\" src=\"https:\/\/patagonacoustics.com\/wp-content\/uploads\/2025\/10\/services-6-683x675-1.jpg\" class=\"attachment-large size-large wp-image-769\" alt=\"\" srcset=\"https:\/\/patagonacoustics.com\/wp-content\/uploads\/2025\/10\/services-6-683x675-1.jpg 683w, https:\/\/patagonacoustics.com\/wp-content\/uploads\/2025\/10\/services-6-683x675-1-300x296.jpg 300w\" sizes=\"(max-width: 683px) 100vw, 683px\" \/>\t\t\t\t\t\t\t\t\t\t\t\t\t\t\t<\/div>\n\t\t\t\t<\/div>\n\t\t\t\t\t<\/div>\n\t\t\t\t<\/div>\n\t\t\t\t<\/div>\n\t\t","protected":false},"excerpt":{"rendered":"<p>Conveying sonic truth through science, art and engineering. Rooms acoustics The geometry of a room and its finishes are the factors that shape our perception of the sounds created in these spaces. Our work includes the design and specification of these variables, often in collaboration with the architectural firm, to achieve the proposed acoustic objectives&hellip;<\/p>\n","protected":false},"author":1,"featured_media":0,"parent":0,"menu_order":0,"comment_status":"closed","ping_status":"closed","template":"elementor_header_footer","meta":{"_acf_changed":false,"footnotes":""},"class_list":["post-840","page","type-page","status-publish","hentry"],"acf":[],"yoast_head":"<!-- This site is optimized with the Yoast SEO plugin v27.2 - https:\/\/yoast.com\/product\/yoast-seo-wordpress\/ -->\n<title>Services - Patagon Acoustics - Ingenier\u00eda Ac\u00fastica<\/title>\n<meta name=\"robots\" content=\"index, follow, max-snippet:-1, max-image-preview:large, max-video-preview:-1\" \/>\n<link rel=\"canonical\" href=\"https:\/\/patagonacoustics.com\/servicios\/\" \/>\n<meta property=\"og:locale\" content=\"en_US\" \/>\n<meta property=\"og:type\" content=\"article\" \/>\n<meta property=\"og:title\" content=\"Services - Patagon Acoustics - Ingenier\u00eda Ac\u00fastica\" \/>\n<meta property=\"og:description\" content=\"Conveying sonic truth through science, art and engineering. Rooms acoustics The geometry of a room and its finishes are the factors that shape our perception of the sounds created in these spaces. Our work includes the design and specification of these variables, often in collaboration with the architectural firm, to achieve the proposed acoustic objectives&hellip;\" \/>\n<meta property=\"og:url\" content=\"https:\/\/patagonacoustics.com\/servicios\/\" \/>\n<meta property=\"og:site_name\" content=\"Patagon Acoustics - Ingenier\u00eda Ac\u00fastica\" \/>\n<meta property=\"article:modified_time\" content=\"2026-03-14T01:44:22+00:00\" \/>\n<meta property=\"og:image\" content=\"https:\/\/patagonacoustics.com\/wp-content\/uploads\/2025\/10\/serv1.webp\" \/>\n\t<meta property=\"og:image:width\" content=\"960\" \/>\n\t<meta property=\"og:image:height\" content=\"960\" \/>\n\t<meta property=\"og:image:type\" content=\"image\/webp\" \/>\n<meta name=\"twitter:card\" content=\"summary_large_image\" \/>\n<meta name=\"twitter:label1\" content=\"Est. reading time\" \/>\n\t<meta name=\"twitter:data1\" content=\"2 minutes\" \/>\n<script type=\"application\/ld+json\" class=\"yoast-schema-graph\">{\"@context\":\"https:\/\/schema.org\",\"@graph\":[{\"@type\":\"WebPage\",\"@id\":\"https:\/\/patagonacoustics.com\/servicios\/\",\"url\":\"https:\/\/patagonacoustics.com\/servicios\/\",\"name\":\"Services - Patagon Acoustics - Ingenier\u00eda Ac\u00fastica\",\"isPartOf\":{\"@id\":\"https:\/\/patagonacoustics.com\/#website\"},\"primaryImageOfPage\":{\"@id\":\"https:\/\/patagonacoustics.com\/servicios\/#primaryimage\"},\"image\":{\"@id\":\"https:\/\/patagonacoustics.com\/servicios\/#primaryimage\"},\"thumbnailUrl\":\"https:\/\/patagonacoustics.com\/wp-content\/uploads\/2025\/10\/serv1.webp\",\"datePublished\":\"2025-09-26T21:13:07+00:00\",\"dateModified\":\"2026-03-14T01:44:22+00:00\",\"breadcrumb\":{\"@id\":\"https:\/\/patagonacoustics.com\/servicios\/#breadcrumb\"},\"inLanguage\":\"en-US\",\"potentialAction\":[{\"@type\":\"ReadAction\",\"target\":[\"https:\/\/patagonacoustics.com\/servicios\/\"]}]},{\"@type\":\"ImageObject\",\"inLanguage\":\"en-US\",\"@id\":\"https:\/\/patagonacoustics.com\/servicios\/#primaryimage\",\"url\":\"https:\/\/patagonacoustics.com\/wp-content\/uploads\/2025\/10\/serv1.webp\",\"contentUrl\":\"https:\/\/patagonacoustics.com\/wp-content\/uploads\/2025\/10\/serv1.webp\"},{\"@type\":\"BreadcrumbList\",\"@id\":\"https:\/\/patagonacoustics.com\/servicios\/#breadcrumb\",\"itemListElement\":[{\"@type\":\"ListItem\",\"position\":1,\"name\":\"Portada\",\"item\":\"https:\/\/patagonacoustics.com\/en\/\"},{\"@type\":\"ListItem\",\"position\":2,\"name\":\"Services\"}]},{\"@type\":\"WebSite\",\"@id\":\"https:\/\/patagonacoustics.com\/#website\",\"url\":\"https:\/\/patagonacoustics.com\/\",\"name\":\"Patagon Acoustics - Ingenier\u00eda Ac\u00fastica\",\"description\":\"Proveemos servicios de consultor\u00eda en ac\u00fastica arquitect\u00f3nica y control de ruidos\",\"potentialAction\":[{\"@type\":\"SearchAction\",\"target\":{\"@type\":\"EntryPoint\",\"urlTemplate\":\"https:\/\/patagonacoustics.com\/?s={search_term_string}\"},\"query-input\":{\"@type\":\"PropertyValueSpecification\",\"valueRequired\":true,\"valueName\":\"search_term_string\"}}],\"inLanguage\":\"en-US\"}]}<\/script>\n<!-- \/ Yoast SEO plugin. -->","yoast_head_json":{"title":"Services - Patagon Acoustics - Ingenier\u00eda Ac\u00fastica","robots":{"index":"index","follow":"follow","max-snippet":"max-snippet:-1","max-image-preview":"max-image-preview:large","max-video-preview":"max-video-preview:-1"},"canonical":"https:\/\/patagonacoustics.com\/servicios\/","og_locale":"en_US","og_type":"article","og_title":"Services - Patagon Acoustics - Ingenier\u00eda Ac\u00fastica","og_description":"Conveying sonic truth through science, art and engineering. Rooms acoustics The geometry of a room and its finishes are the factors that shape our perception of the sounds created in these spaces. Our work includes the design and specification of these variables, often in collaboration with the architectural firm, to achieve the proposed acoustic objectives&hellip;","og_url":"https:\/\/patagonacoustics.com\/servicios\/","og_site_name":"Patagon Acoustics - Ingenier\u00eda Ac\u00fastica","article_modified_time":"2026-03-14T01:44:22+00:00","og_image":[{"width":960,"height":960,"url":"https:\/\/patagonacoustics.com\/wp-content\/uploads\/2025\/10\/serv1.webp","type":"image\/webp"}],"twitter_card":"summary_large_image","twitter_misc":{"Est. reading time":"2 minutes"},"schema":{"@context":"https:\/\/schema.org","@graph":[{"@type":"WebPage","@id":"https:\/\/patagonacoustics.com\/servicios\/","url":"https:\/\/patagonacoustics.com\/servicios\/","name":"Services - Patagon Acoustics - Ingenier\u00eda Ac\u00fastica","isPartOf":{"@id":"https:\/\/patagonacoustics.com\/#website"},"primaryImageOfPage":{"@id":"https:\/\/patagonacoustics.com\/servicios\/#primaryimage"},"image":{"@id":"https:\/\/patagonacoustics.com\/servicios\/#primaryimage"},"thumbnailUrl":"https:\/\/patagonacoustics.com\/wp-content\/uploads\/2025\/10\/serv1.webp","datePublished":"2025-09-26T21:13:07+00:00","dateModified":"2026-03-14T01:44:22+00:00","breadcrumb":{"@id":"https:\/\/patagonacoustics.com\/servicios\/#breadcrumb"},"inLanguage":"en-US","potentialAction":[{"@type":"ReadAction","target":["https:\/\/patagonacoustics.com\/servicios\/"]}]},{"@type":"ImageObject","inLanguage":"en-US","@id":"https:\/\/patagonacoustics.com\/servicios\/#primaryimage","url":"https:\/\/patagonacoustics.com\/wp-content\/uploads\/2025\/10\/serv1.webp","contentUrl":"https:\/\/patagonacoustics.com\/wp-content\/uploads\/2025\/10\/serv1.webp"},{"@type":"BreadcrumbList","@id":"https:\/\/patagonacoustics.com\/servicios\/#breadcrumb","itemListElement":[{"@type":"ListItem","position":1,"name":"Portada","item":"https:\/\/patagonacoustics.com\/en\/"},{"@type":"ListItem","position":2,"name":"Services"}]},{"@type":"WebSite","@id":"https:\/\/patagonacoustics.com\/#website","url":"https:\/\/patagonacoustics.com\/","name":"Patagon Acoustics - Ingenier\u00eda Ac\u00fastica","description":"Proveemos servicios de consultor\u00eda en ac\u00fastica arquitect\u00f3nica y control de ruidos","potentialAction":[{"@type":"SearchAction","target":{"@type":"EntryPoint","urlTemplate":"https:\/\/patagonacoustics.com\/?s={search_term_string}"},"query-input":{"@type":"PropertyValueSpecification","valueRequired":true,"valueName":"search_term_string"}}],"inLanguage":"en-US"}]}},"_links":{"self":[{"href":"https:\/\/patagonacoustics.com\/en\/wp-json\/wp\/v2\/pages\/840","targetHints":{"allow":["GET"]}}],"collection":[{"href":"https:\/\/patagonacoustics.com\/en\/wp-json\/wp\/v2\/pages"}],"about":[{"href":"https:\/\/patagonacoustics.com\/en\/wp-json\/wp\/v2\/types\/page"}],"author":[{"embeddable":true,"href":"https:\/\/patagonacoustics.com\/en\/wp-json\/wp\/v2\/users\/1"}],"replies":[{"embeddable":true,"href":"https:\/\/patagonacoustics.com\/en\/wp-json\/wp\/v2\/comments?post=840"}],"version-history":[{"count":21,"href":"https:\/\/patagonacoustics.com\/en\/wp-json\/wp\/v2\/pages\/840\/revisions"}],"predecessor-version":[{"id":1146,"href":"https:\/\/patagonacoustics.com\/en\/wp-json\/wp\/v2\/pages\/840\/revisions\/1146"}],"wp:attachment":[{"href":"https:\/\/patagonacoustics.com\/en\/wp-json\/wp\/v2\/media?parent=840"}],"curies":[{"name":"wp","href":"https:\/\/api.w.org\/{rel}","templated":true}]}}